{"id":7777,"date":"2021-10-05T13:05:24","date_gmt":"2021-10-05T06:05:24","guid":{"rendered":"https:\/\/minhviethr.com\/service\/"},"modified":"2025-12-23T22:41:27","modified_gmt":"2025-12-23T15:41:27","slug":"dich-vu","status":"publish","type":"page","link":"https:\/\/minhviethr.com\/vi\/dich-vu\/","title":{"rendered":"D\u1ecbch v\u1ee5"},"content":{"rendered":"\t\t<div data-elementor-type=\"wp-page\" data-elementor-id=\"7777\" class=\"elementor elementor-7777 elementor-6449\">\n\t\t\t\t\t\t<section class=\"elementor-section elementor-top-section elementor-element elementor-element-842058d cus-service-page elementor-section-boxed elementor-section-height-default elementor-section-height-default\" data-id=\"842058d\" data-element_type=\"section\" data-e-type=\"section\">\n\t\t\t\t\t\t<div class=\"elementor-container elementor-column-gap-default\">\n\t\t\t\t\t<div class=\"elementor-column elementor-col-100 elementor-top-column elementor-element elementor-element-8e34059\" data-id=\"8e34059\" data-element_type=\"column\" data-e-type=\"column\">\n\t\t\t<div class=\"elementor-widget-wrap elementor-element-populated\">\n\t\t\t\t\t\t<div class=\"elementor-element elementor-element-8e0cfcf elementor-widget elementor-widget-creote-service-post-v1\" data-id=\"8e0cfcf\" data-element_type=\"widget\" data-e-type=\"widget\" data-widget_type=\"creote-service-post-v1.default\">\n\t\t\t\t<div class=\"elementor-widget-container\">\n\t\t\t\t\t<section class=\"service_section grid_all three_column  news_wrapper_griddark_color\"> <div class=\"grid_show_case grid_layout clearfix\">\r\n                                           <div class=\"grid_box _card\">\r\n                                       <div class=\"service_post style_one \"  data-aos=\"fade-up\" data-aos-delay=\"\" data-aos-offset=\"0\" >\r\n                                                                                    <div class=\"image position-relative\"> \r\n                                            <div class=\"overlay\"><\/div> \r\n                                            <img fetchpriority=\"high\" decoding=\"async\" width=\"2560\" height=\"2344\" src=\"https:\/\/minhviethr.com\/wp-content\/uploads\/2021\/10\/dv-1-1.jpg\" class=\"attachment-creote-service-grid-470-280 size-creote-service-grid-470-280 wp-post-image\" alt=\"\" srcset=\"https:\/\/minhviethr.com\/wp-content\/uploads\/2021\/10\/dv-1-1.jpg 2560w, https:\/\/minhviethr.com\/wp-content\/uploads\/2021\/10\/dv-1-1-300x275.jpg 300w, https:\/\/minhviethr.com\/wp-content\/uploads\/2021\/10\/dv-1-1-1024x938.jpg 1024w, https:\/\/minhviethr.com\/wp-content\/uploads\/2021\/10\/dv-1-1-768x703.jpg 768w, https:\/\/minhviethr.com\/wp-content\/uploads\/2021\/10\/dv-1-1-1536x1406.jpg 1536w, https:\/\/minhviethr.com\/wp-content\/uploads\/2021\/10\/dv-1-1-2048x1875.jpg 2048w, https:\/\/minhviethr.com\/wp-content\/uploads\/2021\/10\/dv-1-1-600x549.jpg 600w\" sizes=\"(max-width: 2560px) 100vw, 2560px\" \/>                                            <a href=\"https:\/\/minhviethr.com\/vi\/service\/dich-vu-cung-ung-nhan-luc\/\" rel=\"bookmark\" class=\"ablink\"><\/a>\r\n                                           <\/div> \r\n                                            \r\n                                           <div class=\"service_content icon_no\"> \r\n                                             \r\n                                              <h2 class=\"title_service\">\r\n                                              <a href=\"https:\/\/minhviethr.com\/vi\/service\/dich-vu-cung-ung-nhan-luc\/\" rel=\"bookmark\">D\u1ecbch v\u1ee5 cung \u1ee9ng nh\u00e2n l\u1ef1c<\/a><\/h2>  <p class=\"short_desc\">Gi\u1ea3i ph\u00e1p nh\u00e2n l\u1ef1c tin c\u1eady cho d\u1ef1 \u00e1n trong &amp; ngo\u00e0i&hellip;<\/p>  <a class=\"read_more\" href=\"https:\/\/minhviethr.com\/vi\/service\/dich-vu-cung-ung-nhan-luc\/\"> Xem th\u00eam<i class=\"icon-right-arrow-long\"><\/i><\/a> <\/div> <\/div> <\/div>                                          <div class=\"grid_box _card\">\r\n                                       <div class=\"service_post style_one \"  data-aos=\"fade-up\" data-aos-delay=\"\" data-aos-offset=\"0\" >\r\n                                                                                    <div class=\"image position-relative\"> \r\n                                            <div class=\"overlay\"><\/div> \r\n                                            <img decoding=\"async\" width=\"762\" height=\"570\" src=\"https:\/\/minhviethr.com\/wp-content\/uploads\/2025\/11\/dv-2.jpg\" class=\"attachment-creote-service-grid-470-280 size-creote-service-grid-470-280 wp-post-image\" alt=\"\" srcset=\"https:\/\/minhviethr.com\/wp-content\/uploads\/2025\/11\/dv-2.jpg 762w, https:\/\/minhviethr.com\/wp-content\/uploads\/2025\/11\/dv-2-300x224.jpg 300w, https:\/\/minhviethr.com\/wp-content\/uploads\/2025\/11\/dv-2-600x449.jpg 600w\" sizes=\"(max-width: 762px) 100vw, 762px\" \/>                                            <a href=\"https:\/\/minhviethr.com\/vi\/service\/dich-vu-tuyen-dung\/\" rel=\"bookmark\" class=\"ablink\"><\/a>\r\n                                           <\/div> \r\n                                            \r\n                                           <div class=\"service_content icon_no\"> \r\n                                             \r\n                                              <h2 class=\"title_service\">\r\n                                              <a href=\"https:\/\/minhviethr.com\/vi\/service\/dich-vu-tuyen-dung\/\" rel=\"bookmark\">D\u1ecbch v\u1ee5 tuy\u1ec3n d\u1ee5ng<\/a><\/h2>  <p class=\"short_desc\">V\u1edbi hi\u1ec3u bi\u1ebft s\u00e2u v\u1ec1 th\u1ecb tr\u01b0\u1eddng lao \u0111\u1ed9ng, Minh Vi\u1ec7t HR&hellip;<\/p>  <a class=\"read_more\" href=\"https:\/\/minhviethr.com\/vi\/service\/dich-vu-tuyen-dung\/\"> Xem th\u00eam<i class=\"icon-right-arrow-long\"><\/i><\/a> <\/div> <\/div> <\/div>                                          <div class=\"grid_box _card\">\r\n                                       <div class=\"service_post style_one \"  data-aos=\"fade-up\" data-aos-delay=\"\" data-aos-offset=\"0\" >\r\n                                                                                    <div class=\"image position-relative\"> \r\n                                            <div class=\"overlay\"><\/div> \r\n                                            <img decoding=\"async\" width=\"1200\" height=\"900\" src=\"https:\/\/minhviethr.com\/wp-content\/uploads\/2021\/10\/dv-3.webp\" class=\"attachment-creote-service-grid-470-280 size-creote-service-grid-470-280 wp-post-image\" alt=\"\" srcset=\"https:\/\/minhviethr.com\/wp-content\/uploads\/2021\/10\/dv-3.webp 1200w, https:\/\/minhviethr.com\/wp-content\/uploads\/2021\/10\/dv-3-300x225.webp 300w, https:\/\/minhviethr.com\/wp-content\/uploads\/2021\/10\/dv-3-1024x768.webp 1024w, https:\/\/minhviethr.com\/wp-content\/uploads\/2021\/10\/dv-3-768x576.webp 768w, https:\/\/minhviethr.com\/wp-content\/uploads\/2021\/10\/dv-3-600x450.webp 600w\" sizes=\"(max-width: 1200px) 100vw, 1200px\" \/>                                            <a href=\"https:\/\/minhviethr.com\/vi\/service\/dich-vu-khoan-viec\/\" rel=\"bookmark\" class=\"ablink\"><\/a>\r\n                                           <\/div> \r\n                                            \r\n                                           <div class=\"service_content icon_no\"> \r\n                                             \r\n                                              <h2 class=\"title_service\">\r\n                                              <a href=\"https:\/\/minhviethr.com\/vi\/service\/dich-vu-khoan-viec\/\" rel=\"bookmark\">D\u1ecbch v\u1ee5 kho\u00e1n vi\u1ec7c<\/a><\/h2>  <p class=\"short_desc\">D\u1ecbch v\u1ee5 nh\u00e2n l\u1ef1c chuy\u00ean nghi\u1ec7p d\u1ef1a tr\u00ean kh\u1ed1i l\u01b0\u1ee3ng c\u00f4ng vi\u1ec7c&hellip;<\/p>  <a class=\"read_more\" href=\"https:\/\/minhviethr.com\/vi\/service\/dich-vu-khoan-viec\/\"> Xem th\u00eam<i class=\"icon-right-arrow-long\"><\/i><\/a> <\/div> <\/div> <\/div>                                          <div class=\"grid_box _card\">\r\n                                       <div class=\"service_post style_one \"  data-aos=\"fade-up\" data-aos-delay=\"\" data-aos-offset=\"0\" >\r\n                                                                                    <div class=\"image position-relative\"> \r\n                                            <div class=\"overlay\"><\/div> \r\n                                            <img loading=\"lazy\" decoding=\"async\" width=\"1500\" height=\"1000\" src=\"https:\/\/minhviethr.com\/wp-content\/uploads\/2021\/10\/dv-4.webp\" class=\"attachment-creote-service-grid-470-280 size-creote-service-grid-470-280 wp-post-image\" alt=\"\" srcset=\"https:\/\/minhviethr.com\/wp-content\/uploads\/2021\/10\/dv-4.webp 1500w, https:\/\/minhviethr.com\/wp-content\/uploads\/2021\/10\/dv-4-300x200.webp 300w, https:\/\/minhviethr.com\/wp-content\/uploads\/2021\/10\/dv-4-1024x683.webp 1024w, https:\/\/minhviethr.com\/wp-content\/uploads\/2021\/10\/dv-4-768x512.webp 768w, https:\/\/minhviethr.com\/wp-content\/uploads\/2021\/10\/dv-4-600x400.webp 600w\" sizes=\"(max-width: 1500px) 100vw, 1500px\" \/>                                            <a href=\"https:\/\/minhviethr.com\/vi\/service\/dich-vu-thanh-toan-luong\/\" rel=\"bookmark\" class=\"ablink\"><\/a>\r\n                                           <\/div> \r\n                                            \r\n                                           <div class=\"service_content icon_no\"> \r\n                                             \r\n                                              <h2 class=\"title_service\">\r\n                                              <a href=\"https:\/\/minhviethr.com\/vi\/service\/dich-vu-thanh-toan-luong\/\" rel=\"bookmark\">D\u1ecbch v\u1ee5 thanh to\u00e1n l\u01b0\u01a1ng<\/a><\/h2>  <p class=\"short_desc\">Gi\u1ea3i ph\u00e1p thu\u00ea ngo\u00e0i t\u00ednh l\u01b0\u01a1ng th\u00f4ng minh \u2013 ti\u1ebft ki\u1ec7m th\u1eddi&hellip;<\/p>  <a class=\"read_more\" href=\"https:\/\/minhviethr.com\/vi\/service\/dich-vu-thanh-toan-luong\/\"> Xem th\u00eam<i class=\"icon-right-arrow-long\"><\/i><\/a> <\/div> <\/div> <\/div>                                          <div class=\"grid_box _card\">\r\n                                       <div class=\"service_post style_one \"  data-aos=\"fade-up\" data-aos-delay=\"\" data-aos-offset=\"0\" >\r\n                                                                                    <div class=\"image position-relative\"> \r\n                                            <div class=\"overlay\"><\/div> \r\n                                            <img loading=\"lazy\" decoding=\"async\" width=\"1024\" height=\"1024\" src=\"https:\/\/minhviethr.com\/wp-content\/uploads\/2021\/10\/dv-5.jpg\" class=\"attachment-creote-service-grid-470-280 size-creote-service-grid-470-280 wp-post-image\" alt=\"\" srcset=\"https:\/\/minhviethr.com\/wp-content\/uploads\/2021\/10\/dv-5.jpg 1024w, https:\/\/minhviethr.com\/wp-content\/uploads\/2021\/10\/dv-5-300x300.jpg 300w, https:\/\/minhviethr.com\/wp-content\/uploads\/2021\/10\/dv-5-150x150.jpg 150w, https:\/\/minhviethr.com\/wp-content\/uploads\/2021\/10\/dv-5-768x768.jpg 768w, https:\/\/minhviethr.com\/wp-content\/uploads\/2021\/10\/dv-5-600x600.jpg 600w, https:\/\/minhviethr.com\/wp-content\/uploads\/2021\/10\/dv-5-100x100.jpg 100w\" sizes=\"(max-width: 1024px) 100vw, 1024px\" \/>                                            <a href=\"https:\/\/minhviethr.com\/vi\/service\/dich-vu-hop-phap-hoa-lao-dong\/\" rel=\"bookmark\" class=\"ablink\"><\/a>\r\n                                           <\/div> \r\n                                            \r\n                                           <div class=\"service_content icon_no\"> \r\n                                             \r\n                                              <h2 class=\"title_service\">\r\n                                              <a href=\"https:\/\/minhviethr.com\/vi\/service\/dich-vu-hop-phap-hoa-lao-dong\/\" rel=\"bookmark\">D\u1ecbch v\u1ee5 h\u1ee3p ph\u00e1p h\u00f3a lao \u0111\u1ed9ng<\/a><\/h2>  <p class=\"short_desc\">Minh Vi\u1ec7t HR gi\u00fap doanh nghi\u1ec7p tu\u00e2n th\u1ee7 \u0111\u1ea7y \u0111\u1ee7 quy \u0111\u1ecbnh&hellip;<\/p>  <a class=\"read_more\" href=\"https:\/\/minhviethr.com\/vi\/service\/dich-vu-hop-phap-hoa-lao-dong\/\"> Xem th\u00eam<i class=\"icon-right-arrow-long\"><\/i><\/a> <\/div> <\/div> <\/div>                                          <div class=\"grid_box _card\">\r\n                                       <div class=\"service_post style_one \"  data-aos=\"fade-up\" data-aos-delay=\"\" data-aos-offset=\"0\" >\r\n                                                                                    <div class=\"image position-relative\"> \r\n                                            <div class=\"overlay\"><\/div> \r\n                                            <img loading=\"lazy\" decoding=\"async\" width=\"1024\" height=\"957\" src=\"https:\/\/minhviethr.com\/wp-content\/uploads\/2021\/10\/dv-6.png\" class=\"attachment-creote-service-grid-470-280 size-creote-service-grid-470-280 wp-post-image\" alt=\"\" srcset=\"https:\/\/minhviethr.com\/wp-content\/uploads\/2021\/10\/dv-6.png 1024w, https:\/\/minhviethr.com\/wp-content\/uploads\/2021\/10\/dv-6-300x280.png 300w, https:\/\/minhviethr.com\/wp-content\/uploads\/2021\/10\/dv-6-768x718.png 768w, https:\/\/minhviethr.com\/wp-content\/uploads\/2021\/10\/dv-6-600x561.png 600w\" sizes=\"(max-width: 1024px) 100vw, 1024px\" \/>                                            <a href=\"https:\/\/minhviethr.com\/vi\/service\/dich-vu-xin-visa-giay-phep-lao-dong\/\" rel=\"bookmark\" class=\"ablink\"><\/a>\r\n                                           <\/div> \r\n                                            \r\n                                           <div class=\"service_content icon_no\"> \r\n                                             \r\n                                              <h2 class=\"title_service\">\r\n                                              <a href=\"https:\/\/minhviethr.com\/vi\/service\/dich-vu-xin-visa-giay-phep-lao-dong\/\" rel=\"bookmark\">D\u1ecbch v\u1ee5 xin visa &#038; gi\u1ea5y ph\u00e9p lao \u0111\u1ed9ng<\/a><\/h2>  <p class=\"short_desc\">L\u00e0m vi\u1ec7c v\u00e0 sinh s\u1ed1ng t\u1ea1i Vi\u1ec7t Nam ch\u01b0a bao gi\u1edd d\u1ec5&hellip;<\/p>  <a class=\"read_more\" href=\"https:\/\/minhviethr.com\/vi\/service\/dich-vu-xin-visa-giay-phep-lao-dong\/\"> Xem th\u00eam<i class=\"icon-right-arrow-long\"><\/i><\/a> <\/div> <\/div> <\/div>    <\/div>  \r\n<\/section>\r\n\t\t\t\t<\/div>\n\t\t\t\t<\/div>\n\t\t\t\t\t<\/div>\n\t\t<\/div>\n\t\t\t\t\t<\/div>\n\t\t<\/section>\n\t\t\t\t<\/div>\n\t\t","protected":false},"excerpt":{"rendered":"<p>D\u1ecbch v\u1ee5 cung \u1ee9ng nh\u00e2n l\u1ef1c Gi\u1ea3i ph\u00e1p nh\u00e2n l\u1ef1c tin c\u1eady cho d\u1ef1 \u00e1n trong &amp; ngo\u00e0i&hellip; Xem th\u00eam D\u1ecbch v\u1ee5 tuy\u1ec3n d\u1ee5ng V\u1edbi hi\u1ec3u bi\u1ebft s\u00e2u v\u1ec1 th\u1ecb tr\u01b0\u1eddng lao \u0111\u1ed9ng, Minh Vi\u1ec7t HR&hellip; Xem th\u00eam D\u1ecbch v\u1ee5 kho\u00e1n vi\u1ec7c D\u1ecbch v\u1ee5 nh\u00e2n l\u1ef1c chuy\u00ean nghi\u1ec7p d\u1ef1a tr\u00ean kh\u1ed1i l\u01b0\u1ee3ng c\u00f4ng vi\u1ec7c&hellip; Xem [&hellip;]<\/p>\n","protected":false},"author":1,"featured_media":7628,"parent":0,"menu_order":70,"comment_status":"closed","ping_status":"closed","template":"template-fullwidth.php","meta":{"_acf_changed":false,"_monsterinsights_skip_tracking":false,"_monsterinsights_sitenote_active":false,"_monsterinsights_sitenote_note":"","_monsterinsights_sitenote_category":0,"footnotes":""},"class_list":["post-7777","page","type-page","status-publish","has-post-thumbnail","hentry"],"acf":[],"aioseo_notices":[],"_links":{"self":[{"href":"https:\/\/minhviethr.com\/vi\/wp-json\/wp\/v2\/pages\/7777","targetHints":{"allow":["GET"]}}],"collection":[{"href":"https:\/\/minhviethr.com\/vi\/wp-json\/wp\/v2\/pages"}],"about":[{"href":"https:\/\/minhviethr.com\/vi\/wp-json\/wp\/v2\/types\/page"}],"author":[{"embeddable":true,"href":"https:\/\/minhviethr.com\/vi\/wp-json\/wp\/v2\/users\/1"}],"replies":[{"embeddable":true,"href":"https:\/\/minhviethr.com\/vi\/wp-json\/wp\/v2\/comments?post=7777"}],"version-history":[{"count":5,"href":"https:\/\/minhviethr.com\/vi\/wp-json\/wp\/v2\/pages\/7777\/revisions"}],"predecessor-version":[{"id":7843,"href":"https:\/\/minhviethr.com\/vi\/wp-json\/wp\/v2\/pages\/7777\/revisions\/7843"}],"wp:featuredmedia":[{"embeddable":true,"href":"https:\/\/minhviethr.com\/vi\/wp-json\/wp\/v2\/media\/7628"}],"wp:attachment":[{"href":"https:\/\/minhviethr.com\/vi\/wp-json\/wp\/v2\/media?parent=7777"}],"curies":[{"name":"wp","href":"https:\/\/api.w.org\/{rel}","templated":true}]}}