{"id":7844,"date":"2021-10-05T13:05:24","date_gmt":"2021-10-05T06:05:24","guid":{"rendered":"https:\/\/minhviethr.com\/news\/"},"modified":"2025-12-23T22:44:49","modified_gmt":"2025-12-23T15:44:49","slug":"tin-tuc","status":"publish","type":"page","link":"https:\/\/minhviethr.com\/vi\/tin-tuc\/","title":{"rendered":"Tin t\u1ee9c"},"content":{"rendered":"\t\t<div data-elementor-type=\"wp-page\" data-elementor-id=\"7844\" class=\"elementor elementor-7844 elementor-6451\">\n\t\t\t\t\t\t<section class=\"elementor-section elementor-top-section elementor-element elementor-element-8955d38 cus-blog-page elementor-section-boxed elementor-section-height-default elementor-section-height-default\" data-id=\"8955d38\" data-element_type=\"section\" data-e-type=\"section\">\n\t\t\t\t\t\t<div class=\"elementor-container elementor-column-gap-no\">\n\t\t\t\t\t<div class=\"elementor-column elementor-col-100 elementor-top-column elementor-element elementor-element-c92af86\" data-id=\"c92af86\" data-element_type=\"column\" data-e-type=\"column\">\n\t\t\t<div class=\"elementor-widget-wrap elementor-element-populated\">\n\t\t\t\t\t\t<div class=\"elementor-element elementor-element-75cbd46 elementor-widget elementor-widget-creote-blog-post-v1\" data-id=\"75cbd46\" data-element_type=\"widget\" data-e-type=\"widget\" data-widget_type=\"creote-blog-post-v1.default\">\n\t\t\t\t<div class=\"elementor-widget-container\">\n\t\t\t\t\t<section class=\"blog_post_section elemen_wp one_column news_wrapper_grid style_two \"> <div class=\"grid_show_case grid_layout clearfix\"> <!-- swiper-slide -->     <div class=\"grid_box _card\"> <div class=\"news_box default_style list_view  has_images\" id=\"post-7854\">  <div class=\"image img_hover-1\"> <img fetchpriority=\"high\" decoding=\"async\" width=\"2560\" height=\"1920\" src=\"https:\/\/minhviethr.com\/wp-content\/uploads\/2021\/10\/post1-scaled.jpg\" class=\"attachment-post-thumbnail size-post-thumbnail wp-post-image\" alt=\"\" srcset=\"https:\/\/minhviethr.com\/wp-content\/uploads\/2021\/10\/post1-scaled.jpg 2560w, https:\/\/minhviethr.com\/wp-content\/uploads\/2021\/10\/post1-300x225.jpg 300w, https:\/\/minhviethr.com\/wp-content\/uploads\/2021\/10\/post1-1024x768.jpg 1024w, https:\/\/minhviethr.com\/wp-content\/uploads\/2021\/10\/post1-768x576.jpg 768w, https:\/\/minhviethr.com\/wp-content\/uploads\/2021\/10\/post1-1536x1152.jpg 1536w, https:\/\/minhviethr.com\/wp-content\/uploads\/2021\/10\/post1-2048x1536.jpg 2048w, https:\/\/minhviethr.com\/wp-content\/uploads\/2021\/10\/post1-600x450.jpg 600w\" sizes=\"(max-width: 2560px) 100vw, 2560px\" \/> <a href=\"https:\/\/minhviethr.com\/vi\/category\/tin-tuc\/\" class=\"categories\"><i class=\"icon-folder\"><\/i>Tin t\u1ee9c<\/a> <\/div>  <div class=\"content_box\"> <div class=\"date\"> <span class=\"date_in_number\">10 Th\u00e1ng 12, 2025<\/span> <\/div> <div class=\"source\"> <h2 class=\"title\"><a href=\"https:\/\/minhviethr.com\/vi\/hop-tac-tuyen-dung-giua-minh-viet-va-truong-dai-hoc-giao-thong-van-tai-tp-ho-chi-minh\/\" rel=\"bookmark\">H\u1ee3p t\u00e1c Tuy\u1ec3n d\u1ee5ng gi\u1eefa Minh Vi\u1ec7t v\u00e0 Tr\u01b0\u1eddng \u0110\u1ea1i h\u1ecdc Giao th\u00f4ng V\u1eadn t\u1ea3i TP. H\u1ed3 Ch\u00ed Minh<\/a><\/h2>  <p class=\"short_desc\">\u00d4ng \u0110\u00e0o Trung Ki\u00ean \u2013 Gi\u00e1m \u0111\u1ed1c Minh Vi\u1ec7t HR \u2013 \u0111\u00e3 c\u00f3 bu\u1ed5i l\u00e0m&hellip;<\/p>  <a href=\"https:\/\/minhviethr.com\/vi\/hop-tac-tuyen-dung-giua-minh-viet-va-truong-dai-hoc-giao-thong-van-tai-tp-ho-chi-minh\/\" class=\"link__go\">Xem th\u00eam<\/a> <\/div> <div class=\"auhtour_box\"> <img alt='' src='https:\/\/secure.gravatar.com\/avatar\/37754db8efb31d1bf4d9745f574b779fc1085c61a1d416b3b0f79cd3986da086?s=60&#038;d=mm&#038;r=g' srcset='https:\/\/secure.gravatar.com\/avatar\/37754db8efb31d1bf4d9745f574b779fc1085c61a1d416b3b0f79cd3986da086?s=120&#038;d=mm&#038;r=g 2x' class='avatar avatar-60 photo' height='60' width='60' \/> <div class=\"contnet_a\"> <p>\u0110\u0103ng b\u1edfi<\/p> <h4> MinhViet admin <\/h4> <\/div> <\/div> <\/div> <\/div> <\/div>     <div class=\"grid_box _card\"> <div class=\"news_box default_style list_view  has_images\" id=\"post-7860\">  <div class=\"image img_hover-1\"> <img decoding=\"async\" width=\"2560\" height=\"1920\" src=\"https:\/\/minhviethr.com\/wp-content\/uploads\/2021\/10\/post2-scaled.jpg\" class=\"attachment-post-thumbnail size-post-thumbnail wp-post-image\" alt=\"\" srcset=\"https:\/\/minhviethr.com\/wp-content\/uploads\/2021\/10\/post2-scaled.jpg 2560w, https:\/\/minhviethr.com\/wp-content\/uploads\/2021\/10\/post2-300x225.jpg 300w, https:\/\/minhviethr.com\/wp-content\/uploads\/2021\/10\/post2-1024x768.jpg 1024w, https:\/\/minhviethr.com\/wp-content\/uploads\/2021\/10\/post2-768x576.jpg 768w, https:\/\/minhviethr.com\/wp-content\/uploads\/2021\/10\/post2-1536x1152.jpg 1536w, https:\/\/minhviethr.com\/wp-content\/uploads\/2021\/10\/post2-2048x1536.jpg 2048w, https:\/\/minhviethr.com\/wp-content\/uploads\/2021\/10\/post2-600x450.jpg 600w\" sizes=\"(max-width: 2560px) 100vw, 2560px\" \/> <a href=\"https:\/\/minhviethr.com\/vi\/category\/su-kien\/\" class=\"categories\"><i class=\"icon-folder\"><\/i>S\u1ef1 ki\u1ec7n<\/a> <\/div>  <div class=\"content_box\"> <div class=\"date\"> <span class=\"date_in_number\">8 Th\u00e1ng 10, 2021<\/span> <\/div> <div class=\"source\"> <h2 class=\"title\"><a href=\"https:\/\/minhviethr.com\/vi\/minh-viet-hr-ky-niem-ngay-phu-nu-viet-nam-lan-toa-yeu-thuong-va-su-tran-quy\/\" rel=\"bookmark\">Minh Vi\u1ec7t HR K\u1ef7 Ni\u1ec7m Ng\u00e0y Ph\u1ee5 N\u1eef Vi\u1ec7t Nam \u2013 Lan T\u1ecfa Y\u00eau Th\u01b0\u01a1ng v\u00e0 S\u1ef1 Tr\u00e2n Qu\u00fd<\/a><\/h2>  <p class=\"short_desc\">Minh Vi\u1ec7t HR \u0111\u00e3 t\u1ed5 ch\u1ee9c m\u1ed9t bu\u1ed5i l\u1ec5 \u1ea5m \u00e1p v\u00e0o ng\u00e0y 20 th\u00e1ng&hellip;<\/p>  <a href=\"https:\/\/minhviethr.com\/vi\/minh-viet-hr-ky-niem-ngay-phu-nu-viet-nam-lan-toa-yeu-thuong-va-su-tran-quy\/\" class=\"link__go\">Xem th\u00eam<\/a> <\/div> <div class=\"auhtour_box\"> <img alt='' src='https:\/\/secure.gravatar.com\/avatar\/66e446895e74e0f3eea0c2bc73b4a00f1b5e6ecc530a812d9d908a72023b69ce?s=60&#038;d=mm&#038;r=g' srcset='https:\/\/secure.gravatar.com\/avatar\/66e446895e74e0f3eea0c2bc73b4a00f1b5e6ecc530a812d9d908a72023b69ce?s=120&#038;d=mm&#038;r=g 2x' class='avatar avatar-60 photo' height='60' width='60' \/> <div class=\"contnet_a\"> <p>\u0110\u0103ng b\u1edfi<\/p> <h4> admin <\/h4> <\/div> <\/div> <\/div> <\/div> <\/div>     <div class=\"grid_box _card\"> <div class=\"news_box default_style list_view  has_images\" id=\"post-7867\">  <div class=\"image img_hover-1\"> <img decoding=\"async\" width=\"960\" height=\"640\" src=\"https:\/\/minhviethr.com\/wp-content\/uploads\/2021\/10\/post6.jpg\" class=\"attachment-post-thumbnail size-post-thumbnail wp-post-image\" alt=\"\" srcset=\"https:\/\/minhviethr.com\/wp-content\/uploads\/2021\/10\/post6.jpg 960w, https:\/\/minhviethr.com\/wp-content\/uploads\/2021\/10\/post6-300x200.jpg 300w, https:\/\/minhviethr.com\/wp-content\/uploads\/2021\/10\/post6-768x512.jpg 768w, https:\/\/minhviethr.com\/wp-content\/uploads\/2021\/10\/post6-600x400.jpg 600w\" sizes=\"(max-width: 960px) 100vw, 960px\" \/> <a href=\"https:\/\/minhviethr.com\/vi\/category\/su-kien\/\" class=\"categories\"><i class=\"icon-folder\"><\/i>S\u1ef1 ki\u1ec7n<\/a> <\/div>  <div class=\"content_box\"> <div class=\"date\"> <span class=\"date_in_number\">8 Th\u00e1ng 10, 2021<\/span> <\/div> <div class=\"source\"> <h2 class=\"title\"><a href=\"https:\/\/minhviethr.com\/vi\/tiec-tat-nien-2022-dem-gan-ket-va-sum-vay\/\" rel=\"bookmark\">Ti\u1ec7c T\u1ea5t Ni\u00ean 2022 \u2013 \u0110\u00eam G\u1eafn K\u1ebft v\u00e0 Sum V\u1ea7y<\/a><\/h2>  <p class=\"short_desc\">Minh Vi\u1ec7t HR \u0111\u00e3 t\u1ed5 ch\u1ee9c Ti\u1ec7c T\u1ea5t Ni\u00ean 2022 \u2013 m\u1ed9t \u0111\u00eam g\u1eafn k\u1ebft,&hellip;<\/p>  <a href=\"https:\/\/minhviethr.com\/vi\/tiec-tat-nien-2022-dem-gan-ket-va-sum-vay\/\" class=\"link__go\">Xem th\u00eam<\/a> <\/div> <div class=\"auhtour_box\"> <img alt='' src='https:\/\/secure.gravatar.com\/avatar\/66e446895e74e0f3eea0c2bc73b4a00f1b5e6ecc530a812d9d908a72023b69ce?s=60&#038;d=mm&#038;r=g' srcset='https:\/\/secure.gravatar.com\/avatar\/66e446895e74e0f3eea0c2bc73b4a00f1b5e6ecc530a812d9d908a72023b69ce?s=120&#038;d=mm&#038;r=g 2x' class='avatar avatar-60 photo' height='60' width='60' \/> <div class=\"contnet_a\"> <p>\u0110\u0103ng b\u1edfi<\/p> <h4> admin <\/h4> <\/div> <\/div> <\/div> <\/div> <\/div>     <div class=\"grid_box _card\"> <div class=\"news_box default_style list_view  has_images\" id=\"post-7872\">  <div class=\"image img_hover-1\"> <img loading=\"lazy\" decoding=\"async\" width=\"1920\" height=\"2560\" src=\"https:\/\/minhviethr.com\/wp-content\/uploads\/2021\/10\/post5.jpg\" class=\"attachment-post-thumbnail size-post-thumbnail wp-post-image\" alt=\"\" srcset=\"https:\/\/minhviethr.com\/wp-content\/uploads\/2021\/10\/post5.jpg 1920w, https:\/\/minhviethr.com\/wp-content\/uploads\/2021\/10\/post5-225x300.jpg 225w, https:\/\/minhviethr.com\/wp-content\/uploads\/2021\/10\/post5-768x1024.jpg 768w, https:\/\/minhviethr.com\/wp-content\/uploads\/2021\/10\/post5-1152x1536.jpg 1152w, https:\/\/minhviethr.com\/wp-content\/uploads\/2021\/10\/post5-1536x2048.jpg 1536w, https:\/\/minhviethr.com\/wp-content\/uploads\/2021\/10\/post5-600x800.jpg 600w\" sizes=\"(max-width: 1920px) 100vw, 1920px\" \/> <a href=\"https:\/\/minhviethr.com\/vi\/category\/su-kien\/\" class=\"categories\"><i class=\"icon-folder\"><\/i>S\u1ef1 ki\u1ec7n<\/a> <\/div>  <div class=\"content_box\"> <div class=\"date\"> <span class=\"date_in_number\">8 Th\u00e1ng 10, 2021<\/span> <\/div> <div class=\"source\"> <h2 class=\"title\"><a href=\"https:\/\/minhviethr.com\/vi\/chao-don-xuan-2023-gan-ket-va-tri-an\/\" rel=\"bookmark\">Ch\u00e0o \u0110\u00f3n Xu\u00e2n 2023 \u2013 G\u1eafn K\u1ebft v\u00e0 Tri \u00c2n<\/a><\/h2>  <p class=\"short_desc\">Minh Vi\u1ec7t HR \u0111\u00e3 ch\u00e0o m\u1eebng T\u1ebft Nguy\u00ean \u0110\u00e1n 2023 (N\u0103m Qu\u00fd M\u00e3o) b\u1eb1ng vi\u1ec7c&hellip;<\/p>  <a href=\"https:\/\/minhviethr.com\/vi\/chao-don-xuan-2023-gan-ket-va-tri-an\/\" class=\"link__go\">Xem th\u00eam<\/a> <\/div> <div class=\"auhtour_box\"> <img alt='' src='https:\/\/secure.gravatar.com\/avatar\/66e446895e74e0f3eea0c2bc73b4a00f1b5e6ecc530a812d9d908a72023b69ce?s=60&#038;d=mm&#038;r=g' srcset='https:\/\/secure.gravatar.com\/avatar\/66e446895e74e0f3eea0c2bc73b4a00f1b5e6ecc530a812d9d908a72023b69ce?s=120&#038;d=mm&#038;r=g 2x' class='avatar avatar-60 photo' height='60' width='60' \/> <div class=\"contnet_a\"> <p>\u0110\u0103ng b\u1edfi<\/p> <h4> admin <\/h4> <\/div> <\/div> <\/div> <\/div> <\/div>     <div class=\"grid_box _card\"> <div class=\"news_box default_style list_view  has_images\" id=\"post-7877\">  <div class=\"image img_hover-1\"> <img loading=\"lazy\" decoding=\"async\" width=\"1920\" height=\"2560\" src=\"https:\/\/minhviethr.com\/wp-content\/uploads\/2021\/10\/post4.jpg\" class=\"attachment-post-thumbnail size-post-thumbnail wp-post-image\" alt=\"\" srcset=\"https:\/\/minhviethr.com\/wp-content\/uploads\/2021\/10\/post4.jpg 1920w, https:\/\/minhviethr.com\/wp-content\/uploads\/2021\/10\/post4-225x300.jpg 225w, https:\/\/minhviethr.com\/wp-content\/uploads\/2021\/10\/post4-768x1024.jpg 768w, https:\/\/minhviethr.com\/wp-content\/uploads\/2021\/10\/post4-1152x1536.jpg 1152w, https:\/\/minhviethr.com\/wp-content\/uploads\/2021\/10\/post4-1536x2048.jpg 1536w, https:\/\/minhviethr.com\/wp-content\/uploads\/2021\/10\/post4-600x800.jpg 600w\" sizes=\"(max-width: 1920px) 100vw, 1920px\" \/> <a href=\"https:\/\/minhviethr.com\/vi\/category\/su-kien\/\" class=\"categories\"><i class=\"icon-folder\"><\/i>S\u1ef1 ki\u1ec7n<\/a> <\/div>  <div class=\"content_box\"> <div class=\"date\"> <span class=\"date_in_number\">8 Th\u00e1ng 10, 2021<\/span> <\/div> <div class=\"source\"> <h2 class=\"title\"><a href=\"https:\/\/minhviethr.com\/vi\/minh-viet-tham-gia-ngay-hoi-tuyen-dung-tai-truong-dai-hoc-nguyen-tat-thanh\/\" rel=\"bookmark\">MINH VI\u1ec6T THAM GIA NG\u00c0Y H\u1ed8I TUY\u1ec2N D\u1ee4NG T\u1ea0I TR\u01af\u1edcNG \u0110\u1ea0I H\u1eccC NGUY\u1ec4N T\u1ea4T TH\u00c0NH<\/a><\/h2>  <p class=\"short_desc\">Minh Vi\u1ec7t HR tham gia Ng\u00e0y h\u1ed9i Vi\u1ec7c l\u00e0m t\u1ea1i Tr\u01b0\u1eddng \u0110\u1ea1i h\u1ecdc Nguy\u1ec5n T\u1ea5t&hellip;<\/p>  <a href=\"https:\/\/minhviethr.com\/vi\/minh-viet-tham-gia-ngay-hoi-tuyen-dung-tai-truong-dai-hoc-nguyen-tat-thanh\/\" class=\"link__go\">Xem th\u00eam<\/a> <\/div> <div class=\"auhtour_box\"> <img alt='' src='https:\/\/secure.gravatar.com\/avatar\/66e446895e74e0f3eea0c2bc73b4a00f1b5e6ecc530a812d9d908a72023b69ce?s=60&#038;d=mm&#038;r=g' srcset='https:\/\/secure.gravatar.com\/avatar\/66e446895e74e0f3eea0c2bc73b4a00f1b5e6ecc530a812d9d908a72023b69ce?s=120&#038;d=mm&#038;r=g 2x' class='avatar avatar-60 photo' height='60' width='60' \/> <div class=\"contnet_a\"> <p>\u0110\u0103ng b\u1edfi<\/p> <h4> admin <\/h4> <\/div> <\/div> <\/div> <\/div> <\/div>     <div class=\"grid_box _card\"> <div class=\"news_box default_style list_view  has_images\" id=\"post-7884\">  <div class=\"image img_hover-1\"> <img loading=\"lazy\" decoding=\"async\" width=\"2560\" height=\"1920\" src=\"https:\/\/minhviethr.com\/wp-content\/uploads\/2021\/10\/post3.jpg\" class=\"attachment-post-thumbnail size-post-thumbnail wp-post-image\" alt=\"\" srcset=\"https:\/\/minhviethr.com\/wp-content\/uploads\/2021\/10\/post3.jpg 2560w, https:\/\/minhviethr.com\/wp-content\/uploads\/2021\/10\/post3-300x225.jpg 300w, https:\/\/minhviethr.com\/wp-content\/uploads\/2021\/10\/post3-1024x768.jpg 1024w, https:\/\/minhviethr.com\/wp-content\/uploads\/2021\/10\/post3-768x576.jpg 768w, https:\/\/minhviethr.com\/wp-content\/uploads\/2021\/10\/post3-1536x1152.jpg 1536w, https:\/\/minhviethr.com\/wp-content\/uploads\/2021\/10\/post3-2048x1536.jpg 2048w, https:\/\/minhviethr.com\/wp-content\/uploads\/2021\/10\/post3-600x450.jpg 600w\" sizes=\"(max-width: 2560px) 100vw, 2560px\" \/> <a href=\"https:\/\/minhviethr.com\/vi\/category\/tin-tuc\/\" class=\"categories\"><i class=\"icon-folder\"><\/i>Tin t\u1ee9c<\/a> <\/div>  <div class=\"content_box\"> <div class=\"date\"> <span class=\"date_in_number\">8 Th\u00e1ng 10, 2021<\/span> <\/div> <div class=\"source\"> <h2 class=\"title\"><a href=\"https:\/\/minhviethr.com\/vi\/minh-viet-tham-lilama-2-ket-noi-co-hoi-nghe-nghiep-trong-linh-vuc-dien\/\" rel=\"bookmark\">MINH VI\u1ec6T TH\u0102M LILAMA 2 \u2013 K\u1ebeT N\u1ed0I C\u01a0 H\u1ed8I NGH\u1ec0 NGHI\u1ec6P TRONG L\u0128NH V\u1ef0C \u0110I\u1ec6N<\/a><\/h2>  <p class=\"short_desc\">K\u1ebft N\u1ed1i H\u00e0nh Tr\u00ecnh \u2013 Chia S\u1ebb C\u01a1 H\u1ed9i! Minh Vi\u1ec7t HR th\u0103m Tr\u01b0\u1eddng Cao&hellip;<\/p>  <a href=\"https:\/\/minhviethr.com\/vi\/minh-viet-tham-lilama-2-ket-noi-co-hoi-nghe-nghiep-trong-linh-vuc-dien\/\" class=\"link__go\">Xem th\u00eam<\/a> <\/div> <div class=\"auhtour_box\"> <img alt='' src='https:\/\/secure.gravatar.com\/avatar\/66e446895e74e0f3eea0c2bc73b4a00f1b5e6ecc530a812d9d908a72023b69ce?s=60&#038;d=mm&#038;r=g' srcset='https:\/\/secure.gravatar.com\/avatar\/66e446895e74e0f3eea0c2bc73b4a00f1b5e6ecc530a812d9d908a72023b69ce?s=120&#038;d=mm&#038;r=g 2x' class='avatar avatar-60 photo' height='60' width='60' \/> <div class=\"contnet_a\"> <p>\u0110\u0103ng b\u1edfi<\/p> <h4> admin <\/h4> <\/div> <\/div> <\/div> <\/div> <\/div>    <\/div>  <div class=\"row\"> <div class=\"col-lg-12\"> <div class=\"pagination\">  <\/div> <\/div> <\/div>  <\/section>\r\n\t\t\t\t<\/div>\n\t\t\t\t<\/div>\n\t\t\t\t\t<\/div>\n\t\t<\/div>\n\t\t\t\t\t<\/div>\n\t\t<\/section>\n\t\t\t\t<\/div>\n\t\t","protected":false},"excerpt":{"rendered":"","protected":false},"author":1,"featured_media":7691,"parent":0,"menu_order":53,"comment_status":"closed","ping_status":"closed","template":"","meta":{"_acf_changed":false,"_monsterinsights_skip_tracking":false,"_monsterinsights_sitenote_active":false,"_monsterinsights_sitenote_note":"","_monsterinsights_sitenote_category":0,"footnotes":""},"class_list":["post-7844","page","type-page","status-publish","has-post-thumbnail","hentry"],"acf":[],"aioseo_notices":[],"_links":{"self":[{"href":"https:\/\/minhviethr.com\/vi\/wp-json\/wp\/v2\/pages\/7844","targetHints":{"allow":["GET"]}}],"collection":[{"href":"https:\/\/minhviethr.com\/vi\/wp-json\/wp\/v2\/pages"}],"about":[{"href":"https:\/\/minhviethr.com\/vi\/wp-json\/wp\/v2\/types\/page"}],"author":[{"embeddable":true,"href":"https:\/\/minhviethr.com\/vi\/wp-json\/wp\/v2\/users\/1"}],"replies":[{"embeddable":true,"href":"https:\/\/minhviethr.com\/vi\/wp-json\/wp\/v2\/comments?post=7844"}],"version-history":[{"count":5,"href":"https:\/\/minhviethr.com\/vi\/wp-json\/wp\/v2\/pages\/7844\/revisions"}],"predecessor-version":[{"id":7853,"href":"https:\/\/minhviethr.com\/vi\/wp-json\/wp\/v2\/pages\/7844\/revisions\/7853"}],"wp:featuredmedia":[{"embeddable":true,"href":"https:\/\/minhviethr.com\/vi\/wp-json\/wp\/v2\/media\/7691"}],"wp:attachment":[{"href":"https:\/\/minhviethr.com\/vi\/wp-json\/wp\/v2\/media?parent=7844"}],"curies":[{"name":"wp","href":"https:\/\/api.w.org\/{rel}","templated":true}]}}