{"id":7892,"date":"2022-10-17T19:47:36","date_gmt":"2022-10-17T12:47:36","guid":{"rendered":"https:\/\/minhviethr.com\/contact\/"},"modified":"2025-12-23T23:25:09","modified_gmt":"2025-12-23T16:25:09","slug":"lien-he","status":"publish","type":"page","link":"https:\/\/minhviethr.com\/vi\/lien-he\/","title":{"rendered":"Li\u00ean h\u1ec7"},"content":{"rendered":"\t\t<div data-elementor-type=\"wp-page\" data-elementor-id=\"7892\" class=\"elementor elementor-7892 elementor-4181\">\n\t\t\t\t\t\t<section class=\"elementor-section elementor-top-section elementor-element elementor-element-f459a99 cus-contact-page elementor-section-boxed elementor-section-height-default elementor-section-height-default\" data-id=\"f459a99\" data-element_type=\"section\" data-e-type=\"section\" data-settings=\"{&quot;background_background&quot;:&quot;classic&quot;}\">\n\t\t\t\t\t\t<div class=\"elementor-container elementor-column-gap-default\">\n\t\t\t\t\t<div class=\"elementor-column elementor-col-100 elementor-top-column elementor-element elementor-element-b6bdc3a\" data-id=\"b6bdc3a\" data-element_type=\"column\" data-e-type=\"column\">\n\t\t\t<div class=\"elementor-widget-wrap elementor-element-populated\">\n\t\t\t\t\t\t<div class=\"elementor-element elementor-element-94eaf13 elementor-widget elementor-widget-creote-heading-v2\" data-id=\"94eaf13\" data-element_type=\"widget\" data-e-type=\"widget\" data-widget_type=\"creote-heading-v2.default\">\n\t\t\t\t<div class=\"elementor-widget-container\">\n\t\t\t\t\t<div class=\"heading type_one text_center\">    <div class=\"heading_text\"> C\u1ea3m \u01a1n b\u1ea1n \u0111\u00e3 quan t\u00e2m \u0111\u1ebfn MINH VIET HR.\n<\/div>     <p class=\"description_text\">Vui l\u00f2ng cung c\u1ea5p cho chung t\u00f4i th\u00f4ng tin c\u1ee7a b\u1ea1n theo m\u1eabu d\u01b0\u1edbi \u0111\u00e2y, v\u00e0 ch\u00fang t\u00f4i s\u1ebd li\u00ean h\u1ec7 l\u1ea1i v\u1edbi b\u1ea1n s\u1edbm nh\u1ea5t c\u00f3 th\u1ec3.<\/p> <\/div>\r\n\t\t\t\t<\/div>\n\t\t\t\t<\/div>\n\t\t\t\t<div class=\"elementor-element elementor-element-dd8b2fd elementor-widget elementor-widget-creote-contact-box-v1-new\" data-id=\"dd8b2fd\" data-element_type=\"widget\" data-e-type=\"widget\" data-widget_type=\"creote-contact-box-v1-new.default\">\n\t\t\t\t<div class=\"elementor-widget-container\">\n\t\t\t\t\t \r\n       <section class=\"info_section type_one \">\r\n    <div class=\"info_inner\">\r\n        <div class=\"row\">\r\n                            <div class=\"col-xl-3 col-md-6 col-sm-6 col-xs-12 info-column\">\r\n                    <div class=\"info-box nonactive\">\r\n                        <div class=\"hidden-icon\"><i class=\" icon-map-pin\"><\/i><\/div>\r\n                        <div class=\"box\">\r\n                            <div class=\"icon_box\"><i class=\" icon-map-pin\"><\/i><\/div>\r\n                            <div class=\"heading-box\">\r\n                                <div class=\"ctitles\">TR\u1ee4 S\u1ede CH\u00cdNH\n<\/div>\r\n                                <span><\/span>\r\n                            <\/div>\r\n                        <\/div>\r\n                        <div class=\"text\">\r\n                                                                                                <p>T\u1ea7ng tr\u1ec7t, Si\u00eau th\u1ecb Umart,\nKhu \u0111\u00f4 th\u1ecb Ch\u00ed Linh, \u0110\u01b0\u1eddng Nguy\u1ec5n H\u1eefu C\u1ea3nh, Ph\u01b0\u1eddng 10, TP. V\u0169ng T\u00e0u, Vi\u1ec7t Nam.\n<\/p>\r\n                                                                                                                                            <\/div>\r\n                    <\/div>\r\n                <\/div>\r\n                            <div class=\"col-xl-3 col-md-6 col-sm-6 col-xs-12 info-column\">\r\n                    <div class=\"info-box nonactive\">\r\n                        <div class=\"hidden-icon\"><i class=\" icon-map-pin\"><\/i><\/div>\r\n                        <div class=\"box\">\r\n                            <div class=\"icon_box\"><i class=\" icon-map-pin\"><\/i><\/div>\r\n                            <div class=\"heading-box\">\r\n                                <div class=\"ctitles\">CHI NH\u00c1NH T\u00c2N TH\u00c0NH<\/div>\r\n                                <span><\/span>\r\n                            <\/div>\r\n                        <\/div>\r\n                        <div class=\"text\">\r\n                                                                                                <p>T\u1ed5 1, \u1ea4p Th\u1ecb V\u1ea3i, Ph\u01b0\u1eddng M\u1ef9 Xu\u00e2n,\nTh\u1ecb x\u00e3 Ph\u00fa M\u1ef9, T\u1ec9nh B\u00e0 R\u1ecba \u2013 V\u0169ng T\u00e0u, Vi\u1ec7t Nam.<\/p>\r\n                                                                                                                                            <\/div>\r\n                    <\/div>\r\n                <\/div>\r\n                            <div class=\"col-xl-3 col-md-6 col-sm-6 col-xs-12 info-column\">\r\n                    <div class=\"info-box nonactive\">\r\n                        <div class=\"hidden-icon\"><i class=\" icon-map-pin\"><\/i><\/div>\r\n                        <div class=\"box\">\r\n                            <div class=\"icon_box\"><i class=\" icon-map-pin\"><\/i><\/div>\r\n                            <div class=\"heading-box\">\r\n                                <div class=\"ctitles\">CHI NH\u00c1NH \u0110\u1ed2NG NAI<\/div>\r\n                                <span><\/span>\r\n                            <\/div>\r\n                        <\/div>\r\n                        <div class=\"text\">\r\n                                                                                                <p>D\u1ed1c 47, Qu\u1ed1c l\u1ed9 51,\nPh\u01b0\u1eddng Tam Ph\u01b0\u1edbc, Th\u00e0nh ph\u1ed1 Bi\u00ean H\u00f2a, T\u1ec9nh \u0110\u1ed3ng Nai, Vi\u1ec7t Nam.<\/p>\r\n                                                                                                                                            <\/div>\r\n                    <\/div>\r\n                <\/div>\r\n                            <div class=\"col-xl-3 col-md-6 col-sm-6 col-xs-12 info-column\">\r\n                    <div class=\"info-box nonactive\">\r\n                        <div class=\"hidden-icon\"><i class=\" icon-map-pin\"><\/i><\/div>\r\n                        <div class=\"box\">\r\n                            <div class=\"icon_box\"><i class=\" icon-map-pin\"><\/i><\/div>\r\n                            <div class=\"heading-box\">\r\n                                <div class=\"ctitles\">CHI NH\u00c1NH H\u00c0 N\u1ed8I\n<\/div>\r\n                                <span><\/span>\r\n                            <\/div>\r\n                        <\/div>\r\n                        <div class=\"text\">\r\n                                                                                                <p>S\u1ed1 47, \u0110\u01b0\u1eddng Thanh Li\u1ec7t,\nHuy\u1ec7n Thanh Tr\u00ec, Th\u00e0nh ph\u1ed1 H\u00e0 N\u1ed9i, Vi\u1ec7t Nam.\n<\/p>\r\n                                                                                                                                            <\/div>\r\n                    <\/div>\r\n                <\/div>\r\n                    <\/div>\r\n    <\/div>\r\n<\/section>\r\n\r\n    \t\t\t\t<\/div>\n\t\t\t\t<\/div>\n\t\t\t\t<div class=\"elementor-element elementor-element-3dbcbb2 elementor-widget elementor-widget-creote-contact-box-v1-new\" data-id=\"3dbcbb2\" data-element_type=\"widget\" data-e-type=\"widget\" data-widget_type=\"creote-contact-box-v1-new.default\">\n\t\t\t\t<div class=\"elementor-widget-container\">\n\t\t\t\t\t \r\n       <section class=\"info_section type_one \">\r\n    <div class=\"info_inner\">\r\n        <div class=\"row\">\r\n                            <div class=\"col-xl-4 col-md-6 col-sm-6 col-xs-12 info-column\">\r\n                    <div class=\"info-box nonactive\">\r\n                        <div class=\"hidden-icon\"><i class=\" icon-mail\"><\/i><\/div>\r\n                        <div class=\"box\">\r\n                            <div class=\"icon_box\"><i class=\" icon-mail\"><\/i><\/div>\r\n                            <div class=\"heading-box\">\r\n                                <div class=\"ctitles\">EMAIL &amp; HOTLINE<\/div>\r\n                                <span><\/span>\r\n                            <\/div>\r\n                        <\/div>\r\n                        <div class=\"text\">\r\n                                                                                                                            <p><a href=\"mailto:contact@minhviethr.com\" target=\"_blank\">contact@minhviethr.com<\/a><\/p>\r\n                                                                                                                                                                                            <p><a href=\"tel:(0254) 3612 869\" target=\"_blank\">(0254) 3612 869<\/a><\/p>\r\n                                                                                                                    <\/div>\r\n                    <\/div>\r\n                <\/div>\r\n                            <div class=\"col-xl-4 col-md-6 col-sm-6 col-xs-12 info-column\">\r\n                    <div class=\"info-box nonactive\">\r\n                        <div class=\"hidden-icon\"><i class=\"fa fa-hourglass-1\"><\/i><\/div>\r\n                        <div class=\"box\">\r\n                            <div class=\"icon_box\"><i class=\"fa fa-hourglass-1\"><\/i><\/div>\r\n                            <div class=\"heading-box\">\r\n                                <div class=\"ctitles\">GI\u1edc M\u1ede C\u1eecA<\/div>\r\n                                <span><\/span>\r\n                            <\/div>\r\n                        <\/div>\r\n                        <div class=\"text\">\r\n                                                                                                <p>Th\u1ee9 Hai \u2013 Th\u1ee9 S\u00e1u<br> (Th\u1ee9 B\u1ea3y &amp; Ch\u1ee7 Nh\u1eadt: Ngh\u1ec9)<br>\nBu\u1ed5i s\u00e1ng: 07:30 AM \u2013 12:00 AM<br>\nBu\u1ed5i chi\u1ec1u: 13:30 PM \u2013 17:30 PM<\/p>\r\n                                                                                                                                            <\/div>\r\n                    <\/div>\r\n                <\/div>\r\n                    <\/div>\r\n    <\/div>\r\n<\/section>\r\n\r\n    \t\t\t\t<\/div>\n\t\t\t\t<\/div>\n\t\t\t\t\t<\/div>\n\t\t<\/div>\n\t\t\t\t\t<\/div>\n\t\t<\/section>\n\t\t\t\t<section class=\"elementor-section elementor-top-section elementor-element elementor-element-f7b4d27 elementor-section-full_width elementor-section-height-default elementor-section-height-default\" data-id=\"f7b4d27\" data-element_type=\"section\" data-e-type=\"section\">\n\t\t\t\t\t\t<div class=\"elementor-container elementor-column-gap-no\">\n\t\t\t\t\t<div class=\"elementor-column elementor-col-100 elementor-top-column elementor-element elementor-element-6e2d569\" data-id=\"6e2d569\" data-element_type=\"column\" data-e-type=\"column\">\n\t\t\t<div class=\"elementor-widget-wrap elementor-element-populated\">\n\t\t\t\t\t\t<div class=\"elementor-element elementor-element-6e18776 elementor-widget elementor-widget-google_maps\" data-id=\"6e18776\" data-element_type=\"widget\" data-e-type=\"widget\" data-widget_type=\"google_maps.default\">\n\t\t\t\t\t\t\t<div class=\"elementor-custom-embed\">\n\t\t\t<iframe loading=\"lazy\"\n\t\t\t\t\tsrc=\"https:\/\/maps.google.com\/maps?q=Minh%20VI%E1%BB%87t%20HR&#038;t=m&#038;z=15&#038;output=embed&#038;iwloc=near\"\n\t\t\t\t\ttitle=\"Minh VI\u1ec7t HR\"\n\t\t\t\t\taria-label=\"Minh VI\u1ec7t HR\"\n\t\t\t><\/iframe>\n\t\t<\/div>\n\t\t\t\t\t\t<\/div>\n\t\t\t\t\t<\/div>\n\t\t<\/div>\n\t\t\t\t\t<\/div>\n\t\t<\/section>\n\t\t\t\t<section class=\"elementor-section elementor-top-section elementor-element elementor-element-0f2cdfc elementor-section-boxed elementor-section-height-default elementor-section-height-default\" data-id=\"0f2cdfc\" data-element_type=\"section\" data-e-type=\"section\">\n\t\t\t\t\t\t<div class=\"elementor-container elementor-column-gap-default\">\n\t\t\t\t\t<div class=\"elementor-column elementor-col-100 elementor-top-column elementor-element elementor-element-77fcdae\" data-id=\"77fcdae\" data-element_type=\"column\" data-e-type=\"column\">\n\t\t\t<div class=\"elementor-widget-wrap elementor-element-populated\">\n\t\t\t\t\t\t<div class=\"elementor-element elementor-element-c9779d6 elementor-widget elementor-widget-creote-contact-form-v2\" data-id=\"c9779d6\" data-element_type=\"widget\" data-e-type=\"widget\" data-widget_type=\"creote-contact-form-v2.default\">\n\t\t\t\t<div class=\"elementor-widget-container\">\n\t\t\t\t\t<div class=\"contact_form_box type_one\">  <div class=\"image_box\"> <img decoding=\"async\" src=\"https:\/\/minhviethr.com\/wp-content\/uploads\/2021\/10\/dv-1-2.jpg\" class=\"img-fluid\" alt=\"image\"> <\/div>  <div class=\"contact_inner_box\"> <div class=\"heading type_two text_left\">  <div class=\"small_text\"> Vi\u1ebft Tin Nh\u1eafn <\/div>   <div class=\"heading_text\">\u0110\u1eebng ng\u1ea7n ng\u1ea1i g\u1eedi tin nh\u1eafn cho ch\u00fang t\u00f4i.<\/div>   <div class=\"small_text_sub\"> Vi\u1ebft Tin Nh\u1eafn<\/div>  <\/div> <div class=\"contact_form_shortcode\"> \n<div class=\"wpcf7 no-js\" id=\"wpcf7-f7891-o1\" lang=\"vi\" dir=\"ltr\" data-wpcf7-id=\"7891\">\n<div class=\"screen-reader-response\"><p role=\"status\" aria-live=\"polite\" aria-atomic=\"true\"><\/p> <ul><\/ul><\/div>\n<form action=\"\/vi\/wp-json\/wp\/v2\/pages\/7892#wpcf7-f7891-o1\" method=\"post\" class=\"wpcf7-form init\" aria-label=\"Form li\u00ean h\u1ec7\" novalidate=\"novalidate\" data-status=\"init\">\n<fieldset class=\"hidden-fields-container\"><input type=\"hidden\" name=\"_wpcf7\" value=\"7891\" \/><input type=\"hidden\" name=\"_wpcf7_version\" value=\"6.1.5\" \/><input type=\"hidden\" name=\"_wpcf7_locale\" value=\"vi\" \/><input type=\"hidden\" name=\"_wpcf7_unit_tag\" value=\"wpcf7-f7891-o1\" \/><input type=\"hidden\" name=\"_wpcf7_container_post\" value=\"0\" \/><input type=\"hidden\" name=\"_wpcf7_posted_data_hash\" value=\"\" \/><input type=\"hidden\" name=\"_wpcf7_recaptcha_response\" value=\"\" \/>\n<\/fieldset>\n<div class=\"row\">\n\t<div class=\"col-lg-6\">\n\t\t<p><span class=\"wpcf7-form-control-wrap\" data-name=\"your-name\"><input size=\"40\" maxlength=\"400\" class=\"wpcf7-form-control wpcf7-text wpcf7-validates-as-required\" aria-required=\"true\" aria-invalid=\"false\" placeholder=\"h\u1ecd t\u00ean\" value=\"\" type=\"text\" name=\"your-name\" \/><\/span>\n\t\t<\/p>\n\t<\/div>\n\t<div class=\"col-lg-6\">\n\t\t<p><span class=\"wpcf7-form-control-wrap\" data-name=\"your-email\"><input size=\"40\" maxlength=\"400\" class=\"wpcf7-form-control wpcf7-email wpcf7-validates-as-required wpcf7-text wpcf7-validates-as-email\" aria-required=\"true\" aria-invalid=\"false\" placeholder=\"Email\" value=\"\" type=\"email\" name=\"your-email\" \/><\/span>\n\t\t<\/p>\n\t<\/div>\n\t<div class=\"col-lg-6\">\n\t\t<p><span class=\"wpcf7-form-control-wrap\" data-name=\"tel-32\"><input size=\"40\" maxlength=\"400\" class=\"wpcf7-form-control wpcf7-tel wpcf7-validates-as-required wpcf7-text wpcf7-validates-as-tel\" aria-required=\"true\" aria-invalid=\"false\" placeholder=\"\u0110i\u1ec7n tho\u1ea1i\" value=\"\" type=\"tel\" name=\"tel-32\" \/><\/span>\n\t\t<\/p>\n\t<\/div>\n\t<div class=\"col-lg-6\">\n\t\t<p><span class=\"wpcf7-form-control-wrap\" data-name=\"menu-256\"><select class=\"wpcf7-form-control wpcf7-select wpcf7-validates-as-required\" id=\"selectone\" aria-required=\"true\" aria-invalid=\"false\" name=\"menu-256\"><option value=\"C\u00f4ng vi\u1ec7c\">C\u00f4ng vi\u1ec7c<\/option><option value=\"Service\">Service<\/option><option value=\"Consulting\">Consulting<\/option><\/select><\/span>\n\t\t<\/p>\n\t<\/div>\n\t<div class=\"col-lg-12\">\n\t\t<p><span class=\"wpcf7-form-control-wrap\" data-name=\"your-message\"><textarea cols=\"40\" rows=\"10\" maxlength=\"2000\" class=\"wpcf7-form-control wpcf7-textarea\" aria-invalid=\"false\" placeholder=\"L\u1eddi nh\u1eafn\" name=\"your-message\"><\/textarea><\/span>\n\t\t<\/p>\n\t<\/div>\n\t<div class=\"col-lg-12\">\n\t\t<p><input class=\"wpcf7-form-control wpcf7-submit has-spinner\" type=\"submit\" value=\"G\u1eedi\" \/>\n\t\t<\/p>\n\t<\/div>\n\t<div class=\"col-lg-12\">\n\t<span class=\"wpcf7-form-control-wrap recaptcha\" data-name=\"recaptcha\"><span data-sitekey=\"6LdrIzMsAAAAANKN5Ybte_4LWdMXDK4OY26qEUzV\" class=\"wpcf7-form-control wpcf7-recaptcha g-recaptcha\"><\/span>\r\n<noscript>\r\n\t<div class=\"grecaptcha-noscript\">\r\n\t\t<iframe src=\"https:\/\/www.recaptcha.net\/recaptcha\/api\/fallback?k=6LdrIzMsAAAAANKN5Ybte_4LWdMXDK4OY26qEUzV\" frameborder=\"0\" scrolling=\"no\" width=\"310\" height=\"430\">\r\n\t\t<\/iframe>\r\n\t\t<textarea name=\"g-recaptcha-response\" rows=\"3\" cols=\"40\" placeholder=\"reCaptcha Response Here\">\r\n\t\t<\/textarea>\r\n\t<\/div>\r\n<\/noscript>\r\n<\/span>\n\t<\/div>\n<\/div><div class=\"wpcf7-response-output\" aria-hidden=\"true\"><\/div>\n<\/form>\n<\/div>\n <\/div>  <\/div><\/div>\r\n\t\t\t\t<\/div>\n\t\t\t\t<\/div>\n\t\t\t\t\t<\/div>\n\t\t<\/div>\n\t\t\t\t\t<\/div>\n\t\t<\/section>\n\t\t\t\t<\/div>\n\t\t","protected":false},"excerpt":{"rendered":"<p>C\u1ea3m \u01a1n b\u1ea1n \u0111\u00e3 quan t\u00e2m \u0111\u1ebfn MINH VIET HR. Vui l\u00f2ng cung c\u1ea5p cho chung t\u00f4i th\u00f4ng tin c\u1ee7a b\u1ea1n theo m\u1eabu d\u01b0\u1edbi \u0111\u00e2y, v\u00e0 ch\u00fang t\u00f4i s\u1ebd li\u00ean h\u1ec7 l\u1ea1i v\u1edbi b\u1ea1n s\u1edbm nh\u1ea5t c\u00f3 th\u1ec3. TR\u1ee4 S\u1ede CH\u00cdNH T\u1ea7ng tr\u1ec7t, Si\u00eau th\u1ecb Umart, Khu \u0111\u00f4 th\u1ecb Ch\u00ed Linh, \u0110\u01b0\u1eddng Nguy\u1ec5n H\u1eefu C\u1ea3nh, [&hellip;]<\/p>\n","protected":false},"author":1,"featured_media":7691,"parent":0,"menu_order":25,"comment_status":"closed","ping_status":"closed","template":"","meta":{"_acf_changed":false,"_monsterinsights_skip_tracking":false,"_monsterinsights_sitenote_active":false,"_monsterinsights_sitenote_note":"","_monsterinsights_sitenote_category":0,"footnotes":""},"class_list":["post-7892","page","type-page","status-publish","has-post-thumbnail","hentry"],"acf":[],"aioseo_notices":[],"_links":{"self":[{"href":"https:\/\/minhviethr.com\/vi\/wp-json\/wp\/v2\/pages\/7892","targetHints":{"allow":["GET"]}}],"collection":[{"href":"https:\/\/minhviethr.com\/vi\/wp-json\/wp\/v2\/pages"}],"about":[{"href":"https:\/\/minhviethr.com\/vi\/wp-json\/wp\/v2\/types\/page"}],"author":[{"embeddable":true,"href":"https:\/\/minhviethr.com\/vi\/wp-json\/wp\/v2\/users\/1"}],"replies":[{"embeddable":true,"href":"https:\/\/minhviethr.com\/vi\/wp-json\/wp\/v2\/comments?post=7892"}],"version-history":[{"count":11,"href":"https:\/\/minhviethr.com\/vi\/wp-json\/wp\/v2\/pages\/7892\/revisions"}],"predecessor-version":[{"id":7906,"href":"https:\/\/minhviethr.com\/vi\/wp-json\/wp\/v2\/pages\/7892\/revisions\/7906"}],"wp:featuredmedia":[{"embeddable":true,"href":"https:\/\/minhviethr.com\/vi\/wp-json\/wp\/v2\/media\/7691"}],"wp:attachment":[{"href":"https:\/\/minhviethr.com\/vi\/wp-json\/wp\/v2\/media?parent=7892"}],"curies":[{"name":"wp","href":"https:\/\/api.w.org\/{rel}","templated":true}]}}